{"id":22,"date":"2025-05-19T15:26:22","date_gmt":"2025-05-19T19:26:22","guid":{"rendered":"https:\/\/optitest.ca\/francais\/?page_id=22"},"modified":"2025-09-23T16:59:47","modified_gmt":"2025-09-23T20:59:47","slug":"accueil","status":"publish","type":"page","link":"https:\/\/optitest.ca\/francais\/","title":{"rendered":"Accueil"},"content":{"rendered":"<section class=\"bde-section-22-100 bde-section\">\n  \n  \n\t\n\n\n\n<div class=\"section-container\"><div class=\"bde-rich-text-22-101 bde-rich-text breakdance-rich-text-styles\">\n<div id=\"u3944-7\" class=\"clearfix grpelem\" data-ibe-flags=\"txtStyleSrc\" data-muse-type=\"txt_frame\" data-muse-uid=\"U3944\"><h3 id=\"u3944-2\" style=\"text-align: center;\"><span id=\"u3944\" class=\"TITRE_BLEU\">TESTS D\u2019APTITUDES M\u00c9CANIQUES ET DE COMP\u00c9TENCES EN D\u00c9PANNAGE \u00c9LECTRIQUE POUR LA S\u00c9LECTION DE PERSONNEL DE PRODUCTION ET DE MAINTENANCE.<\/span><\/h3><p style=\"text-align: center;\"><span class=\"titre_orange\">NOS ADMINISTRATEURS DE TESTS SE D\u00c9PLACENT CHEZ NOS CLIENTS\u00a0 AVEC NOS SIMULATEURS, SELON VOTRE HORAIRE.<\/span><\/p><\/div>\n<\/div><\/div>\n<\/section><section class=\"bde-section-22-102 bde-section\">\n  \n  \n\t\n\n\n\n<div class=\"section-container\"><div class=\"bde-basicslider-22-103 bde-basicslider\">\n<div class=\"breakdance-swiper-wrapper\" data-swiper-id=\"103\">\n    <div class=\"swiper\">\n      <div class=\"swiper-wrapper\">\n      \n\t                    \n        <div class=\"swiper-slide\">\n          <div class=\"bde-basicslider__slide\" style=\"  background: #fcbc8f;\n\">\n              <div class=\"bde-basicslider__content\">\n                                    <div class=\"bde-basicslider__text\">\n              <p>\u00a0<\/p><p>\u00a0<\/p>\n            <\/div>\n                                    <\/div>\n\n\t\t\t\t\t\t          <img loading=\"lazy\" decoding=\"async\" class=\"breakdance-image-object bde-basicslider__image\" src=\"https:\/\/optitest.ca\/francais\/wp-content\/uploads\/2025\/05\/slider3.jpg\" width=\"980\" height=\"456\" srcset=\"https:\/\/optitest.ca\/francais\/wp-content\/uploads\/2025\/05\/slider3.jpg 980w, https:\/\/optitest.ca\/francais\/wp-content\/uploads\/2025\/05\/slider3-300x140.jpg 300w, https:\/\/optitest.ca\/francais\/wp-content\/uploads\/2025\/05\/slider3-768x357.jpg 768w\" sizes=\"auto, (max-width: 980px) 100vw, 980px\">\n\t\t\t\n          <\/div>\n        <\/div>\n       \n\t                    \n        <div class=\"swiper-slide\">\n          <div class=\"bde-basicslider__slide\" style=\"  background: #f0d9db;\n\">\n              <div class=\"bde-basicslider__content\">\n                                    <div class=\"bde-basicslider__text\">\n              <p>\u00a0<\/p><p>\u00a0<\/p>\n            <\/div>\n                                    <\/div>\n\n\t\t\t\t\t\t          <img loading=\"lazy\" decoding=\"async\" class=\"breakdance-image-object bde-basicslider__image\" src=\"https:\/\/optitest.ca\/francais\/wp-content\/uploads\/2025\/05\/slider4.jpg\" width=\"980\" height=\"456\" srcset=\"https:\/\/optitest.ca\/francais\/wp-content\/uploads\/2025\/05\/slider4.jpg 980w, https:\/\/optitest.ca\/francais\/wp-content\/uploads\/2025\/05\/slider4-300x140.jpg 300w, https:\/\/optitest.ca\/francais\/wp-content\/uploads\/2025\/05\/slider4-768x357.jpg 768w\" sizes=\"auto, (max-width: 980px) 100vw, 980px\">\n\t\t\t\n          <\/div>\n        <\/div>\n       \n      <\/div>\n    <\/div>\n                <div class=\"swiper-button-prev\">\n            \n        <\/div>\n        <div class=\"swiper-button-next\">\n            \n        <\/div>\n    \n            <div class=\"swiper-pagination\"><\/div>\n    \n<\/div>\n\n<\/div><\/div>\n<\/section><section class=\"bde-section-22-104 bde-section\">\n  \n  \n\t\n\n\n\n<div class=\"section-container\"><div class=\"bde-columns-22-105 bde-columns\"><div class=\"bde-column-22-106 bde-column\">\n  \n  \n\t\n\n\n\n<div class=\"bde-video-22-108 bde-video\">\n<div class=\"ee-video-container\">\n            \n                                                    \n                                <div class=\"ee-video ee-vimeo\">\n                    <iframe\n                            class=\"ee-video lozad\"\n                    title=\"\"\n                    data-src=\n                    \"https:\/\/player.vimeo.com\/video\/109250005?dnt=1&amp;app_id=122963&controls=1&playsinline=0\n                    \"\n                    width=\"100%\" height=\"100%\" frameborder=\"0\"\n                    allow=\"autoplay; fullscreen; picture-in-picture\" allowfullscreen>\n                    <\/iframe>\n                <\/div>\n                    \n            \n    <\/div>\n\n<\/div><div class=\"bde-button-22-110 bde-button\">\n    \n                        \n                        \n    \n    \n    \n    \n            \n                    \n            \n            \n\n    \n    \n    \n    \n    \n    <a class=\"breakdance-link button-atom button-atom--custom bde-button__button\" href=\"https:\/\/optitest.ca\/francais\/wp-content\/uploads\/2025\/05\/optitest.pdf\" target=\"_self\" data-type=\"url\"  >\n\n    \n        <span class=\"button-atom__text\">CLIQUEZ ICI POUR T\u00c9L\u00c9CHAGER LA BROCHURE EN PDF<\/span>\n\n        \n        \n                <\/a>\n\n    \n\n\n<\/div>\n<\/div><div class=\"bde-column-22-107 bde-column\">\n  \n  \n\t\n\n\n\n<div class=\"bde-rich-text-22-109 bde-rich-text breakdance-rich-text-styles\">\n<h5 style=\"text-align: center;\"><span style=\"color: #456885;\">NOS MILLIERS DE TESTS DE S\u00c9LECTION <\/span><span style=\"color: #456885;\">FAITS JUSQU\u2019\u00c0 MAINTENANT AU QU\u00c9BEC<\/span><\/h5><h3 style=\"text-align: center;\"><span style=\"color: #d75a18;\">=<\/span><\/h3><h5 style=\"text-align: center;\"><span style=\"color: #d75a18;\">UN GAIN MOYEN DE PRODUCTIVIT\u00c9 D'AU MOINS<\/span><\/h5><h2 style=\"text-align: center;\"><span style=\"color: #d75a18;\">3 000$<\/span><\/h2><h4 style=\"text-align: center;\"><span style=\"color: #d75a18;\">ANNUELLEMENT<\/span><\/h4><h5 style=\"text-align: center;\"><span style=\"color: #456885;\">ET DE FA\u00c7ON R\u00c9CURRENTE, POUR CHAQUE CANDIDAT RECRUT\u00c9 <\/span><span style=\"color: #456885;\">AYANT R\u00c9USSI NOS TESTS.<\/span><\/h5>\n<\/div>\n<\/div><\/div><\/div>\n<\/section><section class=\"bde-section-22-111 bde-section\">\n  \n  \n\t\n\n\n\n<div class=\"section-container\"><div class=\"bde-columns-22-114 bde-columns\"><div class=\"bde-column-22-115 bde-column\">\n  \n  \n\t\n\n\n\n<img decoding=\"async\" class=\"bde-image2-22-117 bde-image2\" src=\"https:\/\/optitest.ca\/francais\/wp-content\/uploads\/2025\/05\/standard_pastille.png\" loading=\"lazy\" sizes=\"(max-width: 250px) 100vw, 250px\">\n<\/div><div class=\"bde-column-22-116 bde-column\">\n  \n  \n\t\n\n\n\n<div class=\"bde-rich-text-22-119 bde-rich-text breakdance-rich-text-styles\">\n<h2 id=\"u3946-2\" style=\"text-align: center;\"><span style=\"color: #ffffff;\">LA R\u00c9F\u00c9RENCE POUR L'\u00c9VALUATION DU POTENTIEL DE PERFORMANCE TECHNIQUE<\/span><\/h2><p id=\"u3946-5\" style=\"text-align: center;\"><span id=\"u3946-4\" class=\"MENU\" style=\"color: #ffffff;\">OPTITEST EST UNE ENTREPRISE CANADIENNE OFFRANT DEPUIS 2007, AU QU\u00c9BEC ET EN ONTARIO, DES SERVICES DE TESTS POUR LA S\u00c9LECTION DE PERSONNEL DE PRODUCTION ET DE MAINTENANCE \u00c0 PARTIR DE SES POINTS DE SERVICE DE MONTR\u00c9AL, QU\u00c9BEC, OTTAWA \u2013 GATINEAU ET BIENT\u00d4T TORONTO.<\/span><\/p>\n<\/div>\n<\/div><\/div><\/div>\n<\/section><section class=\"bde-section-22-120 bde-section\">\n  \n  \n\t\n\n\n\n<div class=\"section-container\"><div class=\"bde-rich-text-22-121 bde-rich-text breakdance-rich-text-styles\">\n<h2 id=\"u3947-2\" style=\"text-align: center;\"><span id=\"u3947\" class=\"MENU\" style=\"color: #333399;\">NOS TESTS SONT MONDIALEMENT<\/span><\/h2><p id=\"u3947-5\" style=\"text-align: center;\"><span style=\"color: #333399;\">LES PLUS UTILIS\u00c9S, LES PLUS PR\u00c9CIS ET LES PLUS PR\u00c9DICTIFS <span id=\"u3947-6\">DU POTENTIEL DE PERFORMANCE TECHNIQUE DES CANDIDATS POUR DES POSTES DE PRODUCTION ET\u00a0<\/span><span id=\"u3947-7\" class=\"MENU\">DE MAINTENANCE.<\/span><\/span><\/p>\n<\/div><\/div>\n<\/section>","protected":false},"excerpt":{"rendered":"<p>TESTS D\u2019APTITUDES M\u00c9CANIQUES ET DE COMP\u00c9TENCES EN D\u00c9PANNAGE \u00c9LECTRIQUE POUR LA S\u00c9LECTION DE PERSONNEL DE PRODUCTION ET DE MAINTENANCE.NOS ADMINISTRATEURS DE TESTS SE D\u00c9PLACENT CHEZ NOS CLIENTS\u00a0 AVEC NOS SIMULATEURS, SELON VOTRE HORAIRE. \u00a0\u00a0 \u00a0\u00a0 CLIQUEZ ICI POUR T\u00c9L\u00c9CHAGER LA BROCHURE EN PDF NOS MILLIERS DE TESTS DE S\u00c9LECTION FAITS JUSQU\u2019\u00c0 MAINTENANT AU QU\u00c9BEC=UN GAIN [&hellip;]<\/p>\n","protected":false},"author":1,"featured_media":0,"parent":0,"menu_order":0,"comment_status":"closed","ping_status":"closed","template":"","meta":{"_breakdance_hide_in_design_set":false,"_breakdance_tags":"","footnotes":""},"class_list":["post-22","page","type-page","status-publish","hentry"],"yoast_head":"<!-- This site is optimized with the Yoast SEO plugin v27.4 - https:\/\/yoast.com\/product\/yoast-seo-wordpress\/ -->\n<title>Accueil - Optitest<\/title>\n<meta name=\"robots\" content=\"index, follow, max-snippet:-1, max-image-preview:large, max-video-preview:-1\" \/>\n<link rel=\"canonical\" href=\"https:\/\/optitest.ca\/francais\/\" \/>\n<meta property=\"og:locale\" content=\"fr_CA\" \/>\n<meta property=\"og:type\" content=\"article\" \/>\n<meta property=\"og:title\" content=\"Accueil - Optitest\" \/>\n<meta property=\"og:description\" content=\"TESTS D\u2019APTITUDES M\u00c9CANIQUES ET DE COMP\u00c9TENCES EN D\u00c9PANNAGE \u00c9LECTRIQUE POUR LA S\u00c9LECTION DE PERSONNEL DE PRODUCTION ET DE MAINTENANCE.NOS ADMINISTRATEURS DE TESTS SE D\u00c9PLACENT CHEZ NOS CLIENTS\u00a0 AVEC NOS SIMULATEURS, SELON VOTRE HORAIRE. \u00a0\u00a0 \u00a0\u00a0 CLIQUEZ ICI POUR T\u00c9L\u00c9CHAGER LA BROCHURE EN PDF NOS MILLIERS DE TESTS DE S\u00c9LECTION FAITS JUSQU\u2019\u00c0 MAINTENANT AU QU\u00c9BEC=UN GAIN [&hellip;]\" \/>\n<meta property=\"og:url\" content=\"https:\/\/optitest.ca\/francais\/\" \/>\n<meta property=\"og:site_name\" content=\"Optitest\" \/>\n<meta property=\"article:modified_time\" content=\"2025-09-23T20:59:47+00:00\" \/>\n<meta name=\"twitter:card\" content=\"summary_large_image\" \/>\n<script type=\"application\/ld+json\" class=\"yoast-schema-graph\">{\"@context\":\"https:\\\/\\\/schema.org\",\"@graph\":[{\"@type\":\"WebPage\",\"@id\":\"https:\\\/\\\/optitest.ca\\\/francais\\\/\",\"url\":\"https:\\\/\\\/optitest.ca\\\/francais\\\/\",\"name\":\"Accueil - Optitest\",\"isPartOf\":{\"@id\":\"https:\\\/\\\/optitest.ca\\\/francais\\\/#website\"},\"datePublished\":\"2025-05-19T19:26:22+00:00\",\"dateModified\":\"2025-09-23T20:59:47+00:00\",\"breadcrumb\":{\"@id\":\"https:\\\/\\\/optitest.ca\\\/francais\\\/#breadcrumb\"},\"inLanguage\":\"fr-CA\",\"potentialAction\":[{\"@type\":\"ReadAction\",\"target\":[\"https:\\\/\\\/optitest.ca\\\/francais\\\/\"]}]},{\"@type\":\"BreadcrumbList\",\"@id\":\"https:\\\/\\\/optitest.ca\\\/francais\\\/#breadcrumb\",\"itemListElement\":[{\"@type\":\"ListItem\",\"position\":1,\"name\":\"Accueil\",\"item\":\"https:\\\/\\\/optitest.ca\\\/francais\\\/\"},{\"@type\":\"ListItem\",\"position\":2,\"name\":\"Accueil\"}]},{\"@type\":\"WebSite\",\"@id\":\"https:\\\/\\\/optitest.ca\\\/francais\\\/#website\",\"url\":\"https:\\\/\\\/optitest.ca\\\/francais\\\/\",\"name\":\"Optitest\",\"description\":\"\",\"publisher\":{\"@id\":\"https:\\\/\\\/optitest.ca\\\/francais\\\/#organization\"},\"potentialAction\":[{\"@type\":\"SearchAction\",\"target\":{\"@type\":\"EntryPoint\",\"urlTemplate\":\"https:\\\/\\\/optitest.ca\\\/francais\\\/?s={search_term_string}\"},\"query-input\":{\"@type\":\"PropertyValueSpecification\",\"valueRequired\":true,\"valueName\":\"search_term_string\"}}],\"inLanguage\":\"fr-CA\"},{\"@type\":\"Organization\",\"@id\":\"https:\\\/\\\/optitest.ca\\\/francais\\\/#organization\",\"name\":\"Optitest\",\"url\":\"https:\\\/\\\/optitest.ca\\\/francais\\\/\",\"logo\":{\"@type\":\"ImageObject\",\"inLanguage\":\"fr-CA\",\"@id\":\"https:\\\/\\\/optitest.ca\\\/francais\\\/#\\\/schema\\\/logo\\\/image\\\/\",\"url\":\"https:\\\/\\\/optitest.ca\\\/francais\\\/wp-content\\\/uploads\\\/2025\\\/05\\\/MiniOptitest.png\",\"contentUrl\":\"https:\\\/\\\/optitest.ca\\\/francais\\\/wp-content\\\/uploads\\\/2025\\\/05\\\/MiniOptitest.png\",\"width\":44,\"height\":44,\"caption\":\"Optitest\"},\"image\":{\"@id\":\"https:\\\/\\\/optitest.ca\\\/francais\\\/#\\\/schema\\\/logo\\\/image\\\/\"}}]}<\/script>\n<!-- \/ Yoast SEO plugin. -->","yoast_head_json":{"title":"Accueil - Optitest","robots":{"index":"index","follow":"follow","max-snippet":"max-snippet:-1","max-image-preview":"max-image-preview:large","max-video-preview":"max-video-preview:-1"},"canonical":"https:\/\/optitest.ca\/francais\/","og_locale":"fr_CA","og_type":"article","og_title":"Accueil - Optitest","og_description":"TESTS D\u2019APTITUDES M\u00c9CANIQUES ET DE COMP\u00c9TENCES EN D\u00c9PANNAGE \u00c9LECTRIQUE POUR LA S\u00c9LECTION DE PERSONNEL DE PRODUCTION ET DE MAINTENANCE.NOS ADMINISTRATEURS DE TESTS SE D\u00c9PLACENT CHEZ NOS CLIENTS\u00a0 AVEC NOS SIMULATEURS, SELON VOTRE HORAIRE. \u00a0\u00a0 \u00a0\u00a0 CLIQUEZ ICI POUR T\u00c9L\u00c9CHAGER LA BROCHURE EN PDF NOS MILLIERS DE TESTS DE S\u00c9LECTION FAITS JUSQU\u2019\u00c0 MAINTENANT AU QU\u00c9BEC=UN GAIN [&hellip;]","og_url":"https:\/\/optitest.ca\/francais\/","og_site_name":"Optitest","article_modified_time":"2025-09-23T20:59:47+00:00","twitter_card":"summary_large_image","schema":{"@context":"https:\/\/schema.org","@graph":[{"@type":"WebPage","@id":"https:\/\/optitest.ca\/francais\/","url":"https:\/\/optitest.ca\/francais\/","name":"Accueil - Optitest","isPartOf":{"@id":"https:\/\/optitest.ca\/francais\/#website"},"datePublished":"2025-05-19T19:26:22+00:00","dateModified":"2025-09-23T20:59:47+00:00","breadcrumb":{"@id":"https:\/\/optitest.ca\/francais\/#breadcrumb"},"inLanguage":"fr-CA","potentialAction":[{"@type":"ReadAction","target":["https:\/\/optitest.ca\/francais\/"]}]},{"@type":"BreadcrumbList","@id":"https:\/\/optitest.ca\/francais\/#breadcrumb","itemListElement":[{"@type":"ListItem","position":1,"name":"Accueil","item":"https:\/\/optitest.ca\/francais\/"},{"@type":"ListItem","position":2,"name":"Accueil"}]},{"@type":"WebSite","@id":"https:\/\/optitest.ca\/francais\/#website","url":"https:\/\/optitest.ca\/francais\/","name":"Optitest","description":"","publisher":{"@id":"https:\/\/optitest.ca\/francais\/#organization"},"potentialAction":[{"@type":"SearchAction","target":{"@type":"EntryPoint","urlTemplate":"https:\/\/optitest.ca\/francais\/?s={search_term_string}"},"query-input":{"@type":"PropertyValueSpecification","valueRequired":true,"valueName":"search_term_string"}}],"inLanguage":"fr-CA"},{"@type":"Organization","@id":"https:\/\/optitest.ca\/francais\/#organization","name":"Optitest","url":"https:\/\/optitest.ca\/francais\/","logo":{"@type":"ImageObject","inLanguage":"fr-CA","@id":"https:\/\/optitest.ca\/francais\/#\/schema\/logo\/image\/","url":"https:\/\/optitest.ca\/francais\/wp-content\/uploads\/2025\/05\/MiniOptitest.png","contentUrl":"https:\/\/optitest.ca\/francais\/wp-content\/uploads\/2025\/05\/MiniOptitest.png","width":44,"height":44,"caption":"Optitest"},"image":{"@id":"https:\/\/optitest.ca\/francais\/#\/schema\/logo\/image\/"}}]}},"_links":{"self":[{"href":"https:\/\/optitest.ca\/francais\/wp-json\/wp\/v2\/pages\/22","targetHints":{"allow":["GET"]}}],"collection":[{"href":"https:\/\/optitest.ca\/francais\/wp-json\/wp\/v2\/pages"}],"about":[{"href":"https:\/\/optitest.ca\/francais\/wp-json\/wp\/v2\/types\/page"}],"author":[{"embeddable":true,"href":"https:\/\/optitest.ca\/francais\/wp-json\/wp\/v2\/users\/1"}],"replies":[{"embeddable":true,"href":"https:\/\/optitest.ca\/francais\/wp-json\/wp\/v2\/comments?post=22"}],"version-history":[{"count":12,"href":"https:\/\/optitest.ca\/francais\/wp-json\/wp\/v2\/pages\/22\/revisions"}],"predecessor-version":[{"id":103,"href":"https:\/\/optitest.ca\/francais\/wp-json\/wp\/v2\/pages\/22\/revisions\/103"}],"wp:attachment":[{"href":"https:\/\/optitest.ca\/francais\/wp-json\/wp\/v2\/media?parent=22"}],"curies":[{"name":"wp","href":"https:\/\/api.w.org\/{rel}","templated":true}]}}