{"id":57,"date":"2025-05-24T11:09:03","date_gmt":"2025-05-24T15:09:03","guid":{"rendered":"https:\/\/optitest.ca\/francais\/?page_id=57"},"modified":"2025-05-24T11:43:30","modified_gmt":"2025-05-24T15:43:30","slug":"services","status":"publish","type":"page","link":"https:\/\/optitest.ca\/francais\/services\/","title":{"rendered":"Test M\u00e9canique"},"content":{"rendered":"<section class=\"bde-section-57-100 bde-section\">\n  \n  \n\t\n\n\n\n<div class=\"section-container\"><h1 class=\"bde-heading-57-102 bde-heading\">\nTEST D'APTITUDES M\u00c9CANIQUES SUR SIMULATEUR\n<\/h1><\/div>\n<\/section><section class=\"bde-section-57-121 bde-section\">\n  \n  \n\t\n\n\n\n<div class=\"section-container\"><h1 class=\"bde-heading-57-119 bde-heading\">\nMINIMISEZ VOS RISQUES ET VOS CO\u00dbTS !\n<\/h1><h1 class=\"bde-heading-57-120 bde-heading\">\nTest g\u00e9n\u00e9rique qui \u00e9value la logique m\u00e9canique chez un candidat \/ employ\u00e9.\n<\/h1><\/div>\n<\/section><section class=\"bde-section-57-113 bde-section\">\n  \n  \n\t\n\n\n\n<div class=\"section-container\"><div class=\"bde-columns-57-114 bde-columns\"><div class=\"bde-column-57-115 bde-column\">\n  \n  \n\t\n\n\n\n<img decoding=\"async\" class=\"bde-image2-57-117 bde-image2\" src=\"https:\/\/optitest.ca\/francais\/wp-content\/uploads\/2025\/05\/test_mecanique-e1748100180699.png\" loading=\"lazy\" srcset=\"https:\/\/optitest.ca\/francais\/wp-content\/uploads\/2025\/05\/test_mecanique-e1748100180699.png 501w, https:\/\/optitest.ca\/francais\/wp-content\/uploads\/2025\/05\/test_mecanique-e1748100180699-300x300.png 300w, https:\/\/optitest.ca\/francais\/wp-content\/uploads\/2025\/05\/test_mecanique-e1748100180699-150x150.png 150w\" sizes=\"(max-width: 501px) 100vw, 501px\">\n<\/div><div class=\"bde-column-57-116 bde-column\">\n  \n  \n\t\n\n\n\n<h1 class=\"bde-heading-57-122 bde-heading\">\nPour la s\u00e9lection de personnel \u00e0 des postes:\n<\/h1><div class=\"bde-checkmark-list-57-126 bde-checkmark-list\">\n<ul>\n  \n              \n              \n    <li>\n      <span class='bde-checkmark-list__icon bde-checkmark-list__icon_yes  bg-yes'>\n                  <svg xmlns=\"http:\/\/www.w3.org\/2000\/svg\" viewBox=\"0 0 24 24\"><path d=\"M18.71,7.21a1,1,0,0,0-1.42,0L9.84,14.67,6.71,11.53A1,1,0,1,0,5.29,13l3.84,3.84a1,1,0,0,0,1.42,0l8.16-8.16A1,1,0,0,0,18.71,7.21Z\"\/><\/svg>\n              <\/span>\n      <div >\n        d'op\u00e9rateur\n      <\/div>\n\n    <\/li>\n\n  \n              \n              \n    <li>\n      <span class='bde-checkmark-list__icon bde-checkmark-list__icon_yes  bg-yes'>\n                  <svg xmlns=\"http:\/\/www.w3.org\/2000\/svg\" viewBox=\"0 0 24 24\"><path d=\"M18.71,7.21a1,1,0,0,0-1.42,0L9.84,14.67,6.71,11.53A1,1,0,1,0,5.29,13l3.84,3.84a1,1,0,0,0,1.42,0l8.16-8.16A1,1,0,0,0,18.71,7.21Z\"\/><\/svg>\n              <\/span>\n      <div >\n        d'ajusteur\n      <\/div>\n\n    <\/li>\n\n  \n              \n              \n    <li>\n      <span class='bde-checkmark-list__icon bde-checkmark-list__icon_yes  bg-yes'>\n                  <svg xmlns=\"http:\/\/www.w3.org\/2000\/svg\" viewBox=\"0 0 24 24\"><path d=\"M18.71,7.21a1,1,0,0,0-1.42,0L9.84,14.67,6.71,11.53A1,1,0,1,0,5.29,13l3.84,3.84a1,1,0,0,0,1.42,0l8.16-8.16A1,1,0,0,0,18.71,7.21Z\"\/><\/svg>\n              <\/span>\n      <div >\n        de m\u00e9canicien\n      <\/div>\n\n    <\/li>\n\n  \n              \n              \n    <li>\n      <span class='bde-checkmark-list__icon bde-checkmark-list__icon_yes  bg-yes'>\n                  <svg xmlns=\"http:\/\/www.w3.org\/2000\/svg\" viewBox=\"0 0 24 24\"><path d=\"M18.71,7.21a1,1,0,0,0-1.42,0L9.84,14.67,6.71,11.53A1,1,0,1,0,5.29,13l3.84,3.84a1,1,0,0,0,1.42,0l8.16-8.16A1,1,0,0,0,18.71,7.21Z\"\/><\/svg>\n              <\/span>\n      <div >\n        d'ing\u00e9nieur\n      <\/div>\n\n    <\/li>\n\n  \n              \n              \n    <li>\n      <span class='bde-checkmark-list__icon bde-checkmark-list__icon_yes  bg-yes'>\n                  <svg xmlns=\"http:\/\/www.w3.org\/2000\/svg\" viewBox=\"0 0 24 24\"><path d=\"M18.71,7.21a1,1,0,0,0-1.42,0L9.84,14.67,6.71,11.53A1,1,0,1,0,5.29,13l3.84,3.84a1,1,0,0,0,1.42,0l8.16-8.16A1,1,0,0,0,18.71,7.21Z\"\/><\/svg>\n              <\/span>\n      <div >\n        d'\u00e9lectrotechnicien\n      <\/div>\n\n    <\/li>\n\n  \n              \n              \n    <li>\n      <span class='bde-checkmark-list__icon bde-checkmark-list__icon_yes  bg-yes'>\n                  <svg xmlns=\"http:\/\/www.w3.org\/2000\/svg\" viewBox=\"0 0 24 24\"><path d=\"M18.71,7.21a1,1,0,0,0-1.42,0L9.84,14.67,6.71,11.53A1,1,0,1,0,5.29,13l3.84,3.84a1,1,0,0,0,1.42,0l8.16-8.16A1,1,0,0,0,18.71,7.21Z\"\/><\/svg>\n              <\/span>\n      <div >\n        de technicien en m\u00e9canique\n      <\/div>\n\n    <\/li>\n\n  <\/ul>\n\n<\/div><h1 class=\"bde-heading-57-127 bde-heading\">\nCe test permet:\n<\/h1><div class=\"bde-checkmark-list-57-128 bde-checkmark-list\">\n<ul>\n  \n              \n              \n    <li>\n      <span class='bde-checkmark-list__icon bde-checkmark-list__icon_yes  bg-yes'>\n                  <svg xmlns=\"http:\/\/www.w3.org\/2000\/svg\" viewBox=\"0 0 24 24\"><path d=\"M18.71,7.21a1,1,0,0,0-1.42,0L9.84,14.67,6.71,11.53A1,1,0,1,0,5.29,13l3.84,3.84a1,1,0,0,0,1.42,0l8.16-8.16A1,1,0,0,0,18.71,7.21Z\"\/><\/svg>\n              <\/span>\n      <div >\n        d'\u00e9valuer le potentiel de performance technique en m\u00e9canique de en d\u00e9pannage\n      <\/div>\n\n    <\/li>\n\n  \n              \n              \n    <li>\n      <span class='bde-checkmark-list__icon bde-checkmark-list__icon_yes  bg-yes'>\n                  <svg xmlns=\"http:\/\/www.w3.org\/2000\/svg\" viewBox=\"0 0 24 24\"><path d=\"M18.71,7.21a1,1,0,0,0-1.42,0L9.84,14.67,6.71,11.53A1,1,0,1,0,5.29,13l3.84,3.84a1,1,0,0,0,1.42,0l8.16-8.16A1,1,0,0,0,18.71,7.21Z\"\/><\/svg>\n              <\/span>\n      <div >\n        de pr\u00e9dire la capacit\u00e9 de d\u00e9veloppement \u00e0 long terme\n      <\/div>\n\n    <\/li>\n\n  \n              \n              \n    <li>\n      <span class='bde-checkmark-list__icon bde-checkmark-list__icon_yes  bg-yes'>\n                  <svg xmlns=\"http:\/\/www.w3.org\/2000\/svg\" viewBox=\"0 0 24 24\"><path d=\"M18.71,7.21a1,1,0,0,0-1.42,0L9.84,14.67,6.71,11.53A1,1,0,1,0,5.29,13l3.84,3.84a1,1,0,0,0,1.42,0l8.16-8.16A1,1,0,0,0,18.71,7.21Z\"\/><\/svg>\n              <\/span>\n      <div >\n        de r\u00e9duire les co\u00fbts de s\u00e9lection\n      <\/div>\n\n    <\/li>\n\n  <\/ul>\n\n<\/div>\n<\/div><\/div><\/div>\n<\/section><section class=\"bde-section-57-129 bde-section\">\n              \n  \n  \n\t\n\n\n\n<div class=\"section-container\"><div class=\"bde-columns-57-135 bde-columns\"><div class=\"bde-column-57-136 bde-column\">\n  \n  \n\t\n\n\n\n<div class=\"bde-rich-text-57-138 bde-rich-text breakdance-rich-text-styles\">\n<h5 id=\"u3918-2\" style=\"text-align: center;\"><span id=\"u3918\" class=\"TITRE_BLEU\" style=\"color: #333333;\">D\u00c9ROULEMENT DU TEST:<\/span><\/h5><h5 id=\"u3918-5\" style=\"text-align: center;\"><span style=\"color: #333333;\">DANS UNE S\u00c9RIE D\u2019\u00c9PREUVES NORMALIS\u00c9ES ET CHRONOM\u00c9TR\u00c9ES, LE CANDIDAT \/ L\u2019EMPLOY\u00c9 DOIT CORRIGER, LE PLUS LOGIQUEMENT ET LE PLUS RAPIDEMENT POSSIBLE, DES D\u00c9SAJUSTEMENTS CR\u00c9\u00c9S DANS LE SIMULATEUR PAR NOS ADMINISTRATEURS AGR\u00c9\u00c9S DE TESTS.<\/span><\/h5><h5 id=\"u3918-8\" style=\"text-align: center;\"><span style=\"color: #333333;\">---<\/span><\/h5><h5 id=\"u3918-11\" style=\"text-align: center;\"><span style=\"color: #333333;\">IL EXISTE DES S\u00c9RIES D\u2019\u00c9PREUVES NORMALIS\u00c9ES DISTINCTES ET DE COMPLEXIT\u00c9 DIFF\u00c9RENTE POUR LES M\u00c9CANICIENS ET LES OP\u00c9RATEURS.<\/span><\/h5><h5 id=\"u3918-14\" style=\"text-align: center;\"><span style=\"color: #333333;\">---<\/span><\/h5><h5 id=\"u3918-17\" style=\"text-align: center;\"><span style=\"color: #333333;\">RAPPORT DE TEST: DES RAPPORTS D\u00c9TAILL\u00c9S SONT PRODUITS ET REMIS \u00c0 L\u2019EMPLOYEUR AVEC LES RECOMMANDATIONS APPROPRI\u00c9ES POUR LA S\u00c9LECTION DES MEILLEURS CANDIDATS TECHNIQUES.<\/span><\/h5>\n<\/div>\n<\/div><div class=\"bde-column-57-137 bde-column\">\n  \n  \n\t\n\n\n\n<img decoding=\"async\" class=\"bde-image2-57-139 bde-image2\" src=\"https:\/\/optitest.ca\/francais\/wp-content\/uploads\/2025\/05\/standard_pastille.png\" loading=\"lazy\" sizes=\"(max-width: 250px) 100vw, 250px\">\n<\/div><\/div><\/div>\n<\/section>","protected":false},"excerpt":{"rendered":"<p>TEST D&rsquo;APTITUDES M\u00c9CANIQUES SUR SIMULATEUR MINIMISEZ VOS RISQUES ET VOS CO\u00dbTS ! Test g\u00e9n\u00e9rique qui \u00e9value la logique m\u00e9canique chez un candidat \/ employ\u00e9. Pour la s\u00e9lection de personnel \u00e0 des postes: d&rsquo;op\u00e9rateur d&rsquo;ajusteur de m\u00e9canicien d&rsquo;ing\u00e9nieur d&rsquo;\u00e9lectrotechnicien de technicien en m\u00e9canique Ce test permet: d&rsquo;\u00e9valuer le potentiel de performance technique en m\u00e9canique de en [&hellip;]<\/p>\n","protected":false},"author":1,"featured_media":0,"parent":0,"menu_order":0,"comment_status":"closed","ping_status":"closed","template":"","meta":{"_breakdance_hide_in_design_set":false,"_breakdance_tags":"","footnotes":""},"class_list":["post-57","page","type-page","status-publish","hentry"],"yoast_head":"<!-- This site is optimized with the Yoast SEO plugin v27.4 - https:\/\/yoast.com\/product\/yoast-seo-wordpress\/ -->\n<title>Test M\u00e9canique - Optitest<\/title>\n<meta name=\"robots\" content=\"index, follow, max-snippet:-1, max-image-preview:large, max-video-preview:-1\" \/>\n<link rel=\"canonical\" href=\"https:\/\/optitest.ca\/francais\/services\/\" \/>\n<meta property=\"og:locale\" content=\"fr_CA\" \/>\n<meta property=\"og:type\" content=\"article\" \/>\n<meta property=\"og:title\" content=\"Test M\u00e9canique - Optitest\" \/>\n<meta property=\"og:description\" content=\"TEST D&#039;APTITUDES M\u00c9CANIQUES SUR SIMULATEUR MINIMISEZ VOS RISQUES ET VOS CO\u00dbTS ! Test g\u00e9n\u00e9rique qui \u00e9value la logique m\u00e9canique chez un candidat \/ employ\u00e9. Pour la s\u00e9lection de personnel \u00e0 des postes: d&#039;op\u00e9rateur d&#039;ajusteur de m\u00e9canicien d&#039;ing\u00e9nieur d&#039;\u00e9lectrotechnicien de technicien en m\u00e9canique Ce test permet: d&#039;\u00e9valuer le potentiel de performance technique en m\u00e9canique de en [&hellip;]\" \/>\n<meta property=\"og:url\" content=\"https:\/\/optitest.ca\/francais\/services\/\" \/>\n<meta property=\"og:site_name\" content=\"Optitest\" \/>\n<meta property=\"article:modified_time\" content=\"2025-05-24T15:43:30+00:00\" \/>\n<meta name=\"twitter:card\" content=\"summary_large_image\" \/>\n<script type=\"application\/ld+json\" class=\"yoast-schema-graph\">{\"@context\":\"https:\\\/\\\/schema.org\",\"@graph\":[{\"@type\":\"WebPage\",\"@id\":\"https:\\\/\\\/optitest.ca\\\/francais\\\/services\\\/\",\"url\":\"https:\\\/\\\/optitest.ca\\\/francais\\\/services\\\/\",\"name\":\"Test M\u00e9canique - Optitest\",\"isPartOf\":{\"@id\":\"https:\\\/\\\/optitest.ca\\\/francais\\\/#website\"},\"datePublished\":\"2025-05-24T15:09:03+00:00\",\"dateModified\":\"2025-05-24T15:43:30+00:00\",\"breadcrumb\":{\"@id\":\"https:\\\/\\\/optitest.ca\\\/francais\\\/services\\\/#breadcrumb\"},\"inLanguage\":\"fr-CA\",\"potentialAction\":[{\"@type\":\"ReadAction\",\"target\":[\"https:\\\/\\\/optitest.ca\\\/francais\\\/services\\\/\"]}]},{\"@type\":\"BreadcrumbList\",\"@id\":\"https:\\\/\\\/optitest.ca\\\/francais\\\/services\\\/#breadcrumb\",\"itemListElement\":[{\"@type\":\"ListItem\",\"position\":1,\"name\":\"Accueil\",\"item\":\"https:\\\/\\\/optitest.ca\\\/francais\\\/\"},{\"@type\":\"ListItem\",\"position\":2,\"name\":\"Test M\u00e9canique\"}]},{\"@type\":\"WebSite\",\"@id\":\"https:\\\/\\\/optitest.ca\\\/francais\\\/#website\",\"url\":\"https:\\\/\\\/optitest.ca\\\/francais\\\/\",\"name\":\"Optitest\",\"description\":\"\",\"publisher\":{\"@id\":\"https:\\\/\\\/optitest.ca\\\/francais\\\/#organization\"},\"potentialAction\":[{\"@type\":\"SearchAction\",\"target\":{\"@type\":\"EntryPoint\",\"urlTemplate\":\"https:\\\/\\\/optitest.ca\\\/francais\\\/?s={search_term_string}\"},\"query-input\":{\"@type\":\"PropertyValueSpecification\",\"valueRequired\":true,\"valueName\":\"search_term_string\"}}],\"inLanguage\":\"fr-CA\"},{\"@type\":\"Organization\",\"@id\":\"https:\\\/\\\/optitest.ca\\\/francais\\\/#organization\",\"name\":\"Optitest\",\"url\":\"https:\\\/\\\/optitest.ca\\\/francais\\\/\",\"logo\":{\"@type\":\"ImageObject\",\"inLanguage\":\"fr-CA\",\"@id\":\"https:\\\/\\\/optitest.ca\\\/francais\\\/#\\\/schema\\\/logo\\\/image\\\/\",\"url\":\"https:\\\/\\\/optitest.ca\\\/francais\\\/wp-content\\\/uploads\\\/2025\\\/05\\\/MiniOptitest.png\",\"contentUrl\":\"https:\\\/\\\/optitest.ca\\\/francais\\\/wp-content\\\/uploads\\\/2025\\\/05\\\/MiniOptitest.png\",\"width\":44,\"height\":44,\"caption\":\"Optitest\"},\"image\":{\"@id\":\"https:\\\/\\\/optitest.ca\\\/francais\\\/#\\\/schema\\\/logo\\\/image\\\/\"}}]}<\/script>\n<!-- \/ Yoast SEO plugin. -->","yoast_head_json":{"title":"Test M\u00e9canique - Optitest","robots":{"index":"index","follow":"follow","max-snippet":"max-snippet:-1","max-image-preview":"max-image-preview:large","max-video-preview":"max-video-preview:-1"},"canonical":"https:\/\/optitest.ca\/francais\/services\/","og_locale":"fr_CA","og_type":"article","og_title":"Test M\u00e9canique - Optitest","og_description":"TEST D'APTITUDES M\u00c9CANIQUES SUR SIMULATEUR MINIMISEZ VOS RISQUES ET VOS CO\u00dbTS ! Test g\u00e9n\u00e9rique qui \u00e9value la logique m\u00e9canique chez un candidat \/ employ\u00e9. Pour la s\u00e9lection de personnel \u00e0 des postes: d'op\u00e9rateur d'ajusteur de m\u00e9canicien d'ing\u00e9nieur d'\u00e9lectrotechnicien de technicien en m\u00e9canique Ce test permet: d'\u00e9valuer le potentiel de performance technique en m\u00e9canique de en [&hellip;]","og_url":"https:\/\/optitest.ca\/francais\/services\/","og_site_name":"Optitest","article_modified_time":"2025-05-24T15:43:30+00:00","twitter_card":"summary_large_image","schema":{"@context":"https:\/\/schema.org","@graph":[{"@type":"WebPage","@id":"https:\/\/optitest.ca\/francais\/services\/","url":"https:\/\/optitest.ca\/francais\/services\/","name":"Test M\u00e9canique - Optitest","isPartOf":{"@id":"https:\/\/optitest.ca\/francais\/#website"},"datePublished":"2025-05-24T15:09:03+00:00","dateModified":"2025-05-24T15:43:30+00:00","breadcrumb":{"@id":"https:\/\/optitest.ca\/francais\/services\/#breadcrumb"},"inLanguage":"fr-CA","potentialAction":[{"@type":"ReadAction","target":["https:\/\/optitest.ca\/francais\/services\/"]}]},{"@type":"BreadcrumbList","@id":"https:\/\/optitest.ca\/francais\/services\/#breadcrumb","itemListElement":[{"@type":"ListItem","position":1,"name":"Accueil","item":"https:\/\/optitest.ca\/francais\/"},{"@type":"ListItem","position":2,"name":"Test M\u00e9canique"}]},{"@type":"WebSite","@id":"https:\/\/optitest.ca\/francais\/#website","url":"https:\/\/optitest.ca\/francais\/","name":"Optitest","description":"","publisher":{"@id":"https:\/\/optitest.ca\/francais\/#organization"},"potentialAction":[{"@type":"SearchAction","target":{"@type":"EntryPoint","urlTemplate":"https:\/\/optitest.ca\/francais\/?s={search_term_string}"},"query-input":{"@type":"PropertyValueSpecification","valueRequired":true,"valueName":"search_term_string"}}],"inLanguage":"fr-CA"},{"@type":"Organization","@id":"https:\/\/optitest.ca\/francais\/#organization","name":"Optitest","url":"https:\/\/optitest.ca\/francais\/","logo":{"@type":"ImageObject","inLanguage":"fr-CA","@id":"https:\/\/optitest.ca\/francais\/#\/schema\/logo\/image\/","url":"https:\/\/optitest.ca\/francais\/wp-content\/uploads\/2025\/05\/MiniOptitest.png","contentUrl":"https:\/\/optitest.ca\/francais\/wp-content\/uploads\/2025\/05\/MiniOptitest.png","width":44,"height":44,"caption":"Optitest"},"image":{"@id":"https:\/\/optitest.ca\/francais\/#\/schema\/logo\/image\/"}}]}},"_links":{"self":[{"href":"https:\/\/optitest.ca\/francais\/wp-json\/wp\/v2\/pages\/57","targetHints":{"allow":["GET"]}}],"collection":[{"href":"https:\/\/optitest.ca\/francais\/wp-json\/wp\/v2\/pages"}],"about":[{"href":"https:\/\/optitest.ca\/francais\/wp-json\/wp\/v2\/types\/page"}],"author":[{"embeddable":true,"href":"https:\/\/optitest.ca\/francais\/wp-json\/wp\/v2\/users\/1"}],"replies":[{"embeddable":true,"href":"https:\/\/optitest.ca\/francais\/wp-json\/wp\/v2\/comments?post=57"}],"version-history":[{"count":6,"href":"https:\/\/optitest.ca\/francais\/wp-json\/wp\/v2\/pages\/57\/revisions"}],"predecessor-version":[{"id":65,"href":"https:\/\/optitest.ca\/francais\/wp-json\/wp\/v2\/pages\/57\/revisions\/65"}],"wp:attachment":[{"href":"https:\/\/optitest.ca\/francais\/wp-json\/wp\/v2\/media?parent=57"}],"curies":[{"name":"wp","href":"https:\/\/api.w.org\/{rel}","templated":true}]}}