{"id":69,"date":"2025-05-24T11:48:49","date_gmt":"2025-05-24T15:48:49","guid":{"rendered":"https:\/\/optitest.ca\/francais\/?page_id=69"},"modified":"2025-05-24T11:59:20","modified_gmt":"2025-05-24T15:59:20","slug":"test-electrique","status":"publish","type":"page","link":"https:\/\/optitest.ca\/francais\/test-electrique\/","title":{"rendered":"Test \u00c9lectrique"},"content":{"rendered":"<section class=\"bde-section-69-100 bde-section\">\n  \n  \n\t\n\n\n\n<div class=\"section-container\"><h1 class=\"bde-heading-69-102 bde-heading\">\nTEST DE COMP\u00c9TENCE EN D\u00c9PANNAGE \u00c9LECTRIQUE SUR SIMULATEUR\n<\/h1><\/div>\n<\/section><section class=\"bde-section-69-121 bde-section\">\n  \n  \n\t\n\n\n\n<div class=\"section-container\"><h1 class=\"bde-heading-69-119 bde-heading\">\nMINIMISEZ VOS RISQUES ET VOS CO\u00dbTS !\n<\/h1><h1 class=\"bde-heading-69-120 bde-heading\">\nTest g\u00e9n\u00e9rique qui reproduit le fonctionnement r\u00e9el des panneaux de contr\u00f4le industriels courants et des PLC (panneaux de controle virtuels).\n<\/h1><\/div>\n<\/section><section class=\"bde-section-69-113 bde-section\">\n  \n  \n\t\n\n\n\n<div class=\"section-container\"><div class=\"bde-columns-69-114 bde-columns\"><div class=\"bde-column-69-115 bde-column\">\n  \n  \n\t\n\n\n\n<img decoding=\"async\" class=\"bde-image2-69-117 bde-image2\" src=\"https:\/\/optitest.ca\/francais\/wp-content\/uploads\/2025\/05\/test_electrique-e1748101868530.png\" loading=\"lazy\" srcset=\"https:\/\/optitest.ca\/francais\/wp-content\/uploads\/2025\/05\/test_electrique-e1748101868530.png 489w, https:\/\/optitest.ca\/francais\/wp-content\/uploads\/2025\/05\/test_electrique-e1748101868530-300x287.png 300w\" sizes=\"(max-width: 489px) 100vw, 489px\">\n<\/div><div class=\"bde-column-69-116 bde-column\">\n  \n  \n\t\n\n\n\n<h1 class=\"bde-heading-69-122 bde-heading\">\nPour la s\u00e9lection de personnel \u00e0 des postes:\n<\/h1><div class=\"bde-checkmark-list-69-126 bde-checkmark-list\">\n<ul>\n  \n              \n              \n    <li>\n      <span class='bde-checkmark-list__icon bde-checkmark-list__icon_yes  bg-yes'>\n                  <svg xmlns=\"http:\/\/www.w3.org\/2000\/svg\" viewBox=\"0 0 24 24\"><path d=\"M18.71,7.21a1,1,0,0,0-1.42,0L9.84,14.67,6.71,11.53A1,1,0,1,0,5.29,13l3.84,3.84a1,1,0,0,0,1.42,0l8.16-8.16A1,1,0,0,0,18.71,7.21Z\"\/><\/svg>\n              <\/span>\n      <div >\n        d'\u00e9lectricien\n      <\/div>\n\n    <\/li>\n\n  \n              \n              \n    <li>\n      <span class='bde-checkmark-list__icon bde-checkmark-list__icon_yes  bg-yes'>\n                  <svg xmlns=\"http:\/\/www.w3.org\/2000\/svg\" viewBox=\"0 0 24 24\"><path d=\"M18.71,7.21a1,1,0,0,0-1.42,0L9.84,14.67,6.71,11.53A1,1,0,1,0,5.29,13l3.84,3.84a1,1,0,0,0,1.42,0l8.16-8.16A1,1,0,0,0,18.71,7.21Z\"\/><\/svg>\n              <\/span>\n      <div >\n        d'\u00e9lectrom\u00e9canicien\n      <\/div>\n\n    <\/li>\n\n  \n              \n              \n    <li>\n      <span class='bde-checkmark-list__icon bde-checkmark-list__icon_yes  bg-yes'>\n                  <svg xmlns=\"http:\/\/www.w3.org\/2000\/svg\" viewBox=\"0 0 24 24\"><path d=\"M18.71,7.21a1,1,0,0,0-1.42,0L9.84,14.67,6.71,11.53A1,1,0,1,0,5.29,13l3.84,3.84a1,1,0,0,0,1.42,0l8.16-8.16A1,1,0,0,0,18.71,7.21Z\"\/><\/svg>\n              <\/span>\n      <div >\n        d'\u00e9lectrotechnicien\n      <\/div>\n\n    <\/li>\n\n  \n              \n              \n    <li>\n      <span class='bde-checkmark-list__icon bde-checkmark-list__icon_yes  bg-yes'>\n                  <svg xmlns=\"http:\/\/www.w3.org\/2000\/svg\" viewBox=\"0 0 24 24\"><path d=\"M18.71,7.21a1,1,0,0,0-1.42,0L9.84,14.67,6.71,11.53A1,1,0,1,0,5.29,13l3.84,3.84a1,1,0,0,0,1.42,0l8.16-8.16A1,1,0,0,0,18.71,7.21Z\"\/><\/svg>\n              <\/span>\n      <div >\n        de technicien en instrumentation, contr\u00f4le et automatisation\n      <\/div>\n\n    <\/li>\n\n  <\/ul>\n\n<\/div><h1 class=\"bde-heading-69-127 bde-heading\">\nCe test permet:\n<\/h1><div class=\"bde-checkmark-list-69-128 bde-checkmark-list\">\n<ul>\n  \n              \n              \n    <li>\n      <span class='bde-checkmark-list__icon bde-checkmark-list__icon_yes  bg-yes'>\n                  <svg xmlns=\"http:\/\/www.w3.org\/2000\/svg\" viewBox=\"0 0 24 24\"><path d=\"M18.71,7.21a1,1,0,0,0-1.42,0L9.84,14.67,6.71,11.53A1,1,0,1,0,5.29,13l3.84,3.84a1,1,0,0,0,1.42,0l8.16-8.16A1,1,0,0,0,18.71,7.21Z\"\/><\/svg>\n              <\/span>\n      <div >\n        de mesurer le niveau de ma\u00eetrise du m\u00e9tier\n      <\/div>\n\n    <\/li>\n\n  \n              \n              \n    <li>\n      <span class='bde-checkmark-list__icon bde-checkmark-list__icon_yes  bg-yes'>\n                  <svg xmlns=\"http:\/\/www.w3.org\/2000\/svg\" viewBox=\"0 0 24 24\"><path d=\"M18.71,7.21a1,1,0,0,0-1.42,0L9.84,14.67,6.71,11.53A1,1,0,1,0,5.29,13l3.84,3.84a1,1,0,0,0,1.42,0l8.16-8.16A1,1,0,0,0,18.71,7.21Z\"\/><\/svg>\n              <\/span>\n      <div >\n        de pr\u00e9ciser les besoins de d\u00e9veloppement technique\n      <\/div>\n\n    <\/li>\n\n  \n              \n              \n    <li>\n      <span class='bde-checkmark-list__icon bde-checkmark-list__icon_yes  bg-yes'>\n                  <svg xmlns=\"http:\/\/www.w3.org\/2000\/svg\" viewBox=\"0 0 24 24\"><path d=\"M18.71,7.21a1,1,0,0,0-1.42,0L9.84,14.67,6.71,11.53A1,1,0,1,0,5.29,13l3.84,3.84a1,1,0,0,0,1.42,0l8.16-8.16A1,1,0,0,0,18.71,7.21Z\"\/><\/svg>\n              <\/span>\n      <div >\n        de r\u00e9duire les co\u00fbts de s\u00e9lection\n      <\/div>\n\n    <\/li>\n\n  <\/ul>\n\n<\/div>\n<\/div><\/div><\/div>\n<\/section><section class=\"bde-section-69-129 bde-section\">\n              \n  \n  \n\t\n\n\n\n<div class=\"section-container\"><div class=\"bde-columns-69-135 bde-columns\"><div class=\"bde-column-69-136 bde-column\">\n  \n  \n\t\n\n\n\n<div class=\"bde-rich-text-69-138 bde-rich-text breakdance-rich-text-styles\">\n<h6>\u00a0<\/h6><h6 id=\"u3326-5\" style=\"text-align: center;\"><span id=\"u3326\" class=\"TITRE_BLEU\">D\u00c9ROULEMENT DU TEST:<\/span><\/h6><h6 style=\"text-align: center;\">DANS UNE S\u00c9RIE D\u2019\u00c9PREUVES NORMALIS\u00c9ES ET CHRONOM\u00c9TR\u00c9ES, LE CANDIDAT \/ L\u2019EMPLOY\u00c9 DOIT R\u00c9SOUDRE, LE PLUS LOGIQUEMENT ET LE PLUS RAPIDEMENT POSSIBLE, DES D\u00c9FECTUOSIT\u00c9S CR\u00c9\u00c9ES DANS LE SIMULATEUR PAR NOS ADMINISTRATEURS AGR\u00c9\u00c9S DE TESTS.<\/h6><h6 id=\"u3326-8\" style=\"text-align: center;\">---<\/h6><h6 id=\"u3326-11\" style=\"text-align: center;\">RAPPORT DE TEST: DES RAPPORTS D\u00c9TAILL\u00c9S SONT PRODUITS ET REMIS \u00c0 L\u2019EMPLOYEUR AVEC LES RECOMMANDATIONS\u00a0 APPROPRI\u00c9ES POUR LA S\u00c9LECTION DES MEILLEURS CANDIDATS TECHNIQUES.<\/h6><p>\u00a0<\/p>\n<\/div>\n<\/div><div class=\"bde-column-69-137 bde-column\">\n  \n  \n\t\n\n\n\n<img decoding=\"async\" class=\"bde-image2-69-139 bde-image2\" src=\"https:\/\/optitest.ca\/francais\/wp-content\/uploads\/2025\/05\/standard_pastille.png\" loading=\"lazy\" sizes=\"(max-width: 250px) 100vw, 250px\">\n<\/div><\/div><\/div>\n<\/section>","protected":false},"excerpt":{"rendered":"<p>TEST DE COMP\u00c9TENCE EN D\u00c9PANNAGE \u00c9LECTRIQUE SUR SIMULATEUR MINIMISEZ VOS RISQUES ET VOS CO\u00dbTS ! Test g\u00e9n\u00e9rique qui reproduit le fonctionnement r\u00e9el des panneaux de contr\u00f4le industriels courants et des PLC (panneaux de controle virtuels). Pour la s\u00e9lection de personnel \u00e0 des postes: d&rsquo;\u00e9lectricien d&rsquo;\u00e9lectrom\u00e9canicien d&rsquo;\u00e9lectrotechnicien de technicien en instrumentation, contr\u00f4le et automatisation Ce test [&hellip;]<\/p>\n","protected":false},"author":1,"featured_media":0,"parent":0,"menu_order":0,"comment_status":"closed","ping_status":"closed","template":"","meta":{"_breakdance_hide_in_design_set":false,"_breakdance_tags":"","footnotes":""},"class_list":["post-69","page","type-page","status-publish","hentry"],"yoast_head":"<!-- This site is optimized with the Yoast SEO plugin v27.4 - https:\/\/yoast.com\/product\/yoast-seo-wordpress\/ -->\n<title>Test \u00c9lectrique - Optitest<\/title>\n<meta name=\"robots\" content=\"index, follow, max-snippet:-1, max-image-preview:large, max-video-preview:-1\" \/>\n<link rel=\"canonical\" href=\"https:\/\/optitest.ca\/francais\/test-electrique\/\" \/>\n<meta property=\"og:locale\" content=\"fr_CA\" \/>\n<meta property=\"og:type\" content=\"article\" \/>\n<meta property=\"og:title\" content=\"Test \u00c9lectrique - Optitest\" \/>\n<meta property=\"og:description\" content=\"TEST DE COMP\u00c9TENCE EN D\u00c9PANNAGE \u00c9LECTRIQUE SUR SIMULATEUR MINIMISEZ VOS RISQUES ET VOS CO\u00dbTS ! Test g\u00e9n\u00e9rique qui reproduit le fonctionnement r\u00e9el des panneaux de contr\u00f4le industriels courants et des PLC (panneaux de controle virtuels). Pour la s\u00e9lection de personnel \u00e0 des postes: d&#039;\u00e9lectricien d&#039;\u00e9lectrom\u00e9canicien d&#039;\u00e9lectrotechnicien de technicien en instrumentation, contr\u00f4le et automatisation Ce test [&hellip;]\" \/>\n<meta property=\"og:url\" content=\"https:\/\/optitest.ca\/francais\/test-electrique\/\" \/>\n<meta property=\"og:site_name\" content=\"Optitest\" \/>\n<meta property=\"article:modified_time\" content=\"2025-05-24T15:59:20+00:00\" \/>\n<meta name=\"twitter:card\" content=\"summary_large_image\" \/>\n<script type=\"application\/ld+json\" class=\"yoast-schema-graph\">{\"@context\":\"https:\\\/\\\/schema.org\",\"@graph\":[{\"@type\":\"WebPage\",\"@id\":\"https:\\\/\\\/optitest.ca\\\/francais\\\/test-electrique\\\/\",\"url\":\"https:\\\/\\\/optitest.ca\\\/francais\\\/test-electrique\\\/\",\"name\":\"Test \u00c9lectrique - Optitest\",\"isPartOf\":{\"@id\":\"https:\\\/\\\/optitest.ca\\\/francais\\\/#website\"},\"datePublished\":\"2025-05-24T15:48:49+00:00\",\"dateModified\":\"2025-05-24T15:59:20+00:00\",\"breadcrumb\":{\"@id\":\"https:\\\/\\\/optitest.ca\\\/francais\\\/test-electrique\\\/#breadcrumb\"},\"inLanguage\":\"fr-CA\",\"potentialAction\":[{\"@type\":\"ReadAction\",\"target\":[\"https:\\\/\\\/optitest.ca\\\/francais\\\/test-electrique\\\/\"]}]},{\"@type\":\"BreadcrumbList\",\"@id\":\"https:\\\/\\\/optitest.ca\\\/francais\\\/test-electrique\\\/#breadcrumb\",\"itemListElement\":[{\"@type\":\"ListItem\",\"position\":1,\"name\":\"Accueil\",\"item\":\"https:\\\/\\\/optitest.ca\\\/francais\\\/\"},{\"@type\":\"ListItem\",\"position\":2,\"name\":\"Test \u00c9lectrique\"}]},{\"@type\":\"WebSite\",\"@id\":\"https:\\\/\\\/optitest.ca\\\/francais\\\/#website\",\"url\":\"https:\\\/\\\/optitest.ca\\\/francais\\\/\",\"name\":\"Optitest\",\"description\":\"\",\"publisher\":{\"@id\":\"https:\\\/\\\/optitest.ca\\\/francais\\\/#organization\"},\"potentialAction\":[{\"@type\":\"SearchAction\",\"target\":{\"@type\":\"EntryPoint\",\"urlTemplate\":\"https:\\\/\\\/optitest.ca\\\/francais\\\/?s={search_term_string}\"},\"query-input\":{\"@type\":\"PropertyValueSpecification\",\"valueRequired\":true,\"valueName\":\"search_term_string\"}}],\"inLanguage\":\"fr-CA\"},{\"@type\":\"Organization\",\"@id\":\"https:\\\/\\\/optitest.ca\\\/francais\\\/#organization\",\"name\":\"Optitest\",\"url\":\"https:\\\/\\\/optitest.ca\\\/francais\\\/\",\"logo\":{\"@type\":\"ImageObject\",\"inLanguage\":\"fr-CA\",\"@id\":\"https:\\\/\\\/optitest.ca\\\/francais\\\/#\\\/schema\\\/logo\\\/image\\\/\",\"url\":\"https:\\\/\\\/optitest.ca\\\/francais\\\/wp-content\\\/uploads\\\/2025\\\/05\\\/MiniOptitest.png\",\"contentUrl\":\"https:\\\/\\\/optitest.ca\\\/francais\\\/wp-content\\\/uploads\\\/2025\\\/05\\\/MiniOptitest.png\",\"width\":44,\"height\":44,\"caption\":\"Optitest\"},\"image\":{\"@id\":\"https:\\\/\\\/optitest.ca\\\/francais\\\/#\\\/schema\\\/logo\\\/image\\\/\"}}]}<\/script>\n<!-- \/ Yoast SEO plugin. -->","yoast_head_json":{"title":"Test \u00c9lectrique - Optitest","robots":{"index":"index","follow":"follow","max-snippet":"max-snippet:-1","max-image-preview":"max-image-preview:large","max-video-preview":"max-video-preview:-1"},"canonical":"https:\/\/optitest.ca\/francais\/test-electrique\/","og_locale":"fr_CA","og_type":"article","og_title":"Test \u00c9lectrique - Optitest","og_description":"TEST DE COMP\u00c9TENCE EN D\u00c9PANNAGE \u00c9LECTRIQUE SUR SIMULATEUR MINIMISEZ VOS RISQUES ET VOS CO\u00dbTS ! Test g\u00e9n\u00e9rique qui reproduit le fonctionnement r\u00e9el des panneaux de contr\u00f4le industriels courants et des PLC (panneaux de controle virtuels). Pour la s\u00e9lection de personnel \u00e0 des postes: d'\u00e9lectricien d'\u00e9lectrom\u00e9canicien d'\u00e9lectrotechnicien de technicien en instrumentation, contr\u00f4le et automatisation Ce test [&hellip;]","og_url":"https:\/\/optitest.ca\/francais\/test-electrique\/","og_site_name":"Optitest","article_modified_time":"2025-05-24T15:59:20+00:00","twitter_card":"summary_large_image","schema":{"@context":"https:\/\/schema.org","@graph":[{"@type":"WebPage","@id":"https:\/\/optitest.ca\/francais\/test-electrique\/","url":"https:\/\/optitest.ca\/francais\/test-electrique\/","name":"Test \u00c9lectrique - Optitest","isPartOf":{"@id":"https:\/\/optitest.ca\/francais\/#website"},"datePublished":"2025-05-24T15:48:49+00:00","dateModified":"2025-05-24T15:59:20+00:00","breadcrumb":{"@id":"https:\/\/optitest.ca\/francais\/test-electrique\/#breadcrumb"},"inLanguage":"fr-CA","potentialAction":[{"@type":"ReadAction","target":["https:\/\/optitest.ca\/francais\/test-electrique\/"]}]},{"@type":"BreadcrumbList","@id":"https:\/\/optitest.ca\/francais\/test-electrique\/#breadcrumb","itemListElement":[{"@type":"ListItem","position":1,"name":"Accueil","item":"https:\/\/optitest.ca\/francais\/"},{"@type":"ListItem","position":2,"name":"Test \u00c9lectrique"}]},{"@type":"WebSite","@id":"https:\/\/optitest.ca\/francais\/#website","url":"https:\/\/optitest.ca\/francais\/","name":"Optitest","description":"","publisher":{"@id":"https:\/\/optitest.ca\/francais\/#organization"},"potentialAction":[{"@type":"SearchAction","target":{"@type":"EntryPoint","urlTemplate":"https:\/\/optitest.ca\/francais\/?s={search_term_string}"},"query-input":{"@type":"PropertyValueSpecification","valueRequired":true,"valueName":"search_term_string"}}],"inLanguage":"fr-CA"},{"@type":"Organization","@id":"https:\/\/optitest.ca\/francais\/#organization","name":"Optitest","url":"https:\/\/optitest.ca\/francais\/","logo":{"@type":"ImageObject","inLanguage":"fr-CA","@id":"https:\/\/optitest.ca\/francais\/#\/schema\/logo\/image\/","url":"https:\/\/optitest.ca\/francais\/wp-content\/uploads\/2025\/05\/MiniOptitest.png","contentUrl":"https:\/\/optitest.ca\/francais\/wp-content\/uploads\/2025\/05\/MiniOptitest.png","width":44,"height":44,"caption":"Optitest"},"image":{"@id":"https:\/\/optitest.ca\/francais\/#\/schema\/logo\/image\/"}}]}},"_links":{"self":[{"href":"https:\/\/optitest.ca\/francais\/wp-json\/wp\/v2\/pages\/69","targetHints":{"allow":["GET"]}}],"collection":[{"href":"https:\/\/optitest.ca\/francais\/wp-json\/wp\/v2\/pages"}],"about":[{"href":"https:\/\/optitest.ca\/francais\/wp-json\/wp\/v2\/types\/page"}],"author":[{"embeddable":true,"href":"https:\/\/optitest.ca\/francais\/wp-json\/wp\/v2\/users\/1"}],"replies":[{"embeddable":true,"href":"https:\/\/optitest.ca\/francais\/wp-json\/wp\/v2\/comments?post=69"}],"version-history":[{"count":3,"href":"https:\/\/optitest.ca\/francais\/wp-json\/wp\/v2\/pages\/69\/revisions"}],"predecessor-version":[{"id":73,"href":"https:\/\/optitest.ca\/francais\/wp-json\/wp\/v2\/pages\/69\/revisions\/73"}],"wp:attachment":[{"href":"https:\/\/optitest.ca\/francais\/wp-json\/wp\/v2\/media?parent=69"}],"curies":[{"name":"wp","href":"https:\/\/api.w.org\/{rel}","templated":true}]}}